{"id":68,"date":"2018-06-25T10:39:54","date_gmt":"2018-06-25T08:39:54","guid":{"rendered":"http:\/\/urologie-eisenach.de\/wenig\/?page_id=68"},"modified":"2018-06-25T12:35:07","modified_gmt":"2018-06-25T10:35:07","slug":"datenschutzerklaerung","status":"publish","type":"page","link":"http:\/\/urologie-eisenach.de\/wenig\/datenschutzerklaerung\/","title":{"rendered":"Datenschutzerkl\u00e4rung"},"content":{"rendered":"<h5>Wer wir sind<\/h5>\n<p>Die Adresse unserer Website ist: http:\/\/urologie-eisenach.de.<\/p>\n<h5>Welche personenbezogenen Daten wir sammeln und warum wir sie sammeln<\/h5>\n<p>Wir sammeln auf unserer Webseite generell keine personenbezogenen Daten von Ihnen und erhalten auch von Drittanbietern keinerlei Daten von Ihnen. Entsprechend geben wir auch keine Daten an Dritte weiter.<\/p>\n<h5>Eingebettete Inhalte von anderen Websites<\/h5>\n<p>Beitr\u00e4ge auf dieser Website k\u00f6nnen \u00fcber eingebettete Inhalte verf\u00fcgen (z.\u00a0B. Videos, Bilder, Beitr\u00e4ge etc.). Eingebettete Inhalte von anderen Websites verhalten sich exakt so, als ob Sie diese andere Website besucht h\u00e4tten.<\/p>\n<p>Diese Websites k\u00f6nnen Daten \u00fcber Sie sammeln, Cookies benutzen, Tracking-Dienste von Dritten einbetten und Ihre Interaktion mit diesem eingebetteten Inhalt aufzeichnen. Inwieweit tats\u00e4chlich Daten von Ihnen auf eingebetteten Inhalten erhoben werden, entzieht sich unserer Kenntnis, auch haben wir keinerlei Einfluss darauf, welche Daten von Ihnen ggf. \u00fcber eingebettete Inhalte gesammelt werden.<\/p>\n<h5>Analysedienste<\/h5>\n<p>Auf unserer Webseite sind keinerlei zus\u00e4tzliche Analysedienste installiert. Wir erhalten lediglich von unserem Webseitenprovider eine monatliche \u00dcbersicht \u00fcber die Gesamtanzahl der Besucher unserer Webseite mit der L\u00e4nderangabe, aus der der Zugriff auf unsere Webseite erfolgte, sowie \u00fcber die Anzahl der jeweiligen Seitenaufrufe und der durchschnittlichen Verweildauer.<\/p>\n<h5>Welche Rechte Sie an Ihren Daten haben<\/h5>\n<p>Wir erheben auf unserer Webseite generell keine personenbezogenen Daten unserer Besucher. Gleichwohl steht Ihnen gesetzlich das Recht zu, von uns informiert zu werden, welche Daten wir von Ihnen gespeichert haben. Zudem k\u00f6nnen Sie jederzeit eine L\u00f6schung dieser Daten verlangen. Dies umfasst jedoch nicht die Daten, die wir aufgrund administrativer, rechtlicher oder sicherheitsrelevanter Notwendigkeiten im Rahmen des Praxisbetriebs aufbewahren m\u00fcssen.<\/p>\n<h3><\/h3>\n","protected":false},"excerpt":{"rendered":"<p>Wer wir sind Die Adresse unserer Website ist: http:\/\/urologie-eisenach.de. Welche personenbezogenen Daten wir sammeln und warum wir sie sammeln Wir sammeln auf [&hellip;]<\/p>\n","protected":false},"author":1,"featured_media":0,"parent":0,"menu_order":0,"comment_status":"closed","ping_status":"closed","template":"","meta":[],"_links":{"self":[{"href":"http:\/\/urologie-eisenach.de\/wenig\/wp-json\/wp\/v2\/pages\/68"}],"collection":[{"href":"http:\/\/urologie-eisenach.de\/wenig\/wp-json\/wp\/v2\/pages"}],"about":[{"href":"http:\/\/urologie-eisenach.de\/wenig\/wp-json\/wp\/v2\/types\/page"}],"author":[{"embeddable":true,"href":"http:\/\/urologie-eisenach.de\/wenig\/wp-json\/wp\/v2\/users\/1"}],"replies":[{"embeddable":true,"href":"http:\/\/urologie-eisenach.de\/wenig\/wp-json\/wp\/v2\/comments?post=68"}],"version-history":[{"count":5,"href":"http:\/\/urologie-eisenach.de\/wenig\/wp-json\/wp\/v2\/pages\/68\/revisions"}],"predecessor-version":[{"id":84,"href":"http:\/\/urologie-eisenach.de\/wenig\/wp-json\/wp\/v2\/pages\/68\/revisions\/84"}],"wp:attachment":[{"href":"http:\/\/urologie-eisenach.de\/wenig\/wp-json\/wp\/v2\/media?parent=68"}],"curies":[{"name":"wp","href":"https:\/\/api.w.org\/{rel}","templated":true}]}}