{"id":6,"date":"2017-06-07T09:37:19","date_gmt":"2017-06-07T07:37:19","guid":{"rendered":"http:\/\/urologie-eisenach.de\/wenig\/?page_id=6"},"modified":"2019-08-28T12:06:46","modified_gmt":"2019-08-28T10:06:46","slug":"leistungen","status":"publish","type":"page","link":"http:\/\/urologie-eisenach.de\/wenig\/leistungen\/","title":{"rendered":"Leistungen"},"content":{"rendered":"<h2><img loading=\"lazy\" class=\"alignnone size-medium wp-image-46\" src=\"http:\/\/urologie-eisenach.de\/wenig\/wp-content\/uploads\/2017\/06\/logo-300x169.png\" alt=\"\" width=\"300\" height=\"169\" srcset=\"http:\/\/urologie-eisenach.de\/wenig\/wp-content\/uploads\/2017\/06\/logo-300x169.png 300w, http:\/\/urologie-eisenach.de\/wenig\/wp-content\/uploads\/2017\/06\/logo-768x432.png 768w, http:\/\/urologie-eisenach.de\/wenig\/wp-content\/uploads\/2017\/06\/logo-230x129.png 230w, http:\/\/urologie-eisenach.de\/wenig\/wp-content\/uploads\/2017\/06\/logo-350x197.png 350w, http:\/\/urologie-eisenach.de\/wenig\/wp-content\/uploads\/2017\/06\/logo-480x270.png 480w, http:\/\/urologie-eisenach.de\/wenig\/wp-content\/uploads\/2017\/06\/logo.png 800w\" sizes=\"(max-width: 300px) 100vw, 300px\" \/><\/h2>\n<h2>Leistungen unserer Praxis<\/h2>\n<p>Gutartige und b\u00f6sartige Erkrankungen der Harnorgane<\/p>\n<p>Gutartige und b\u00f6sartige Erkrankungen der m\u00e4nnlichen Geschlechtsorgane<\/p>\n<p>Medikament\u00f6se Tumortherapie<\/p>\n<p>Kinderurologie<\/p>\n<p>Blasenfunktionsst\u00f6rung<\/p>\n<p>Harninkontinenz<\/p>\n<p>Harnwegsinfektionen<\/p>\n<p>Steine des Harntrakts<\/p>\n<p>Erektions-\/Ejakulationsst\u00f6rung<\/p>\n<p>Hormonst\u00f6rungen<\/p>\n<p>Vorsorgeuntersuchungen<\/p>\n<p>Unerf\u00fcllter Kinderwunsch<\/p>\n<p>HPV Impfung<\/p>\n<p>ambulante Vasektomie in Lokalan\u00e4sthesie oder Narkose<\/p>\n<p>ambulante Zirkumzision in Lokalan\u00e4sthesie oder Narkose<\/p>\n","protected":false},"excerpt":{"rendered":"<p>Leistungen unserer Praxis Gutartige und b\u00f6sartige Erkrankungen der Harnorgane Gutartige und b\u00f6sartige Erkrankungen der m\u00e4nnlichen Geschlechtsorgane Medikament\u00f6se Tumortherapie Kinderurologie Blasenfunktionsst\u00f6rung Harninkontinenz Harnwegsinfektionen [&hellip;]<\/p>\n","protected":false},"author":1,"featured_media":0,"parent":0,"menu_order":0,"comment_status":"closed","ping_status":"closed","template":"","meta":[],"_links":{"self":[{"href":"http:\/\/urologie-eisenach.de\/wenig\/wp-json\/wp\/v2\/pages\/6"}],"collection":[{"href":"http:\/\/urologie-eisenach.de\/wenig\/wp-json\/wp\/v2\/pages"}],"about":[{"href":"http:\/\/urologie-eisenach.de\/wenig\/wp-json\/wp\/v2\/types\/page"}],"author":[{"embeddable":true,"href":"http:\/\/urologie-eisenach.de\/wenig\/wp-json\/wp\/v2\/users\/1"}],"replies":[{"embeddable":true,"href":"http:\/\/urologie-eisenach.de\/wenig\/wp-json\/wp\/v2\/comments?post=6"}],"version-history":[{"count":6,"href":"http:\/\/urologie-eisenach.de\/wenig\/wp-json\/wp\/v2\/pages\/6\/revisions"}],"predecessor-version":[{"id":115,"href":"http:\/\/urologie-eisenach.de\/wenig\/wp-json\/wp\/v2\/pages\/6\/revisions\/115"}],"wp:attachment":[{"href":"http:\/\/urologie-eisenach.de\/wenig\/wp-json\/wp\/v2\/media?parent=6"}],"curies":[{"name":"wp","href":"https:\/\/api.w.org\/{rel}","templated":true}]}}