{"id":20,"date":"2017-06-07T09:39:13","date_gmt":"2017-06-07T07:39:13","guid":{"rendered":"http:\/\/urologie-eisenach.de\/wenig\/?page_id=20"},"modified":"2017-06-07T12:10:59","modified_gmt":"2017-06-07T10:10:59","slug":"impressum","status":"publish","type":"page","link":"http:\/\/urologie-eisenach.de\/wenig\/impressum\/","title":{"rendered":"Impressum"},"content":{"rendered":"<p><img loading=\"lazy\" class=\"alignnone size-medium wp-image-46\" src=\"http:\/\/urologie-eisenach.de\/wenig\/wp-content\/uploads\/2017\/06\/logo-300x169.png\" alt=\"\" width=\"300\" height=\"169\" srcset=\"http:\/\/urologie-eisenach.de\/wenig\/wp-content\/uploads\/2017\/06\/logo-300x169.png 300w, http:\/\/urologie-eisenach.de\/wenig\/wp-content\/uploads\/2017\/06\/logo-768x432.png 768w, http:\/\/urologie-eisenach.de\/wenig\/wp-content\/uploads\/2017\/06\/logo-230x129.png 230w, http:\/\/urologie-eisenach.de\/wenig\/wp-content\/uploads\/2017\/06\/logo-350x197.png 350w, http:\/\/urologie-eisenach.de\/wenig\/wp-content\/uploads\/2017\/06\/logo-480x270.png 480w, http:\/\/urologie-eisenach.de\/wenig\/wp-content\/uploads\/2017\/06\/logo.png 800w\" sizes=\"(max-width: 300px) 100vw, 300px\" \/><\/p>\n<h2>Impressum<\/h2>\n<p>Allgemeine Informationspflichten nach \u00a7 6 Gesetz \u00fcber die Nutzung von Telediensten (Teledienstegesetz \u2013 TDG) bzw. Informationspflichten \u00a7 10 Mediendienste-Staatsvertrag bzw. \u00a7 5 Telemediengesetz (TMG \/ Elektronischer-Gesch\u00e4ftsverkehr-Vereinheitlichungsgesetz \u2013 ElGVG).<\/p>\n<p><strong>Anbieter<\/strong><br \/>\nUrologische Gemeinschaftspraxis Hanns-Peter Jahn, Dr. med. Thilo Wenig, Dr. med. Sindy Wenig<br \/>\nBahnhofstrasse 21<br \/>\n99817 Eisenach<br \/>\nnachfolgend urologie-eisenach.de genannt<\/p>\n<p><strong>Telefon:<\/strong><br \/>\n(03691) 724 49 57<br \/>\n<strong>E-Mail<\/strong><br \/>\nBitte verwenden Sie unser Kontaktformular.<\/p>\n<p><strong>Haftung f\u00fcr Inhalte<\/strong><br \/>\nDie Inhalte unserer Seiten wurden mit gr\u00f6\u00dfter Sorgfalt erstellt. F\u00fcr die Richtigkeit, Vollst\u00e4ndigkeit und Aktualit\u00e4t der Inhalte k\u00f6nnen wir jedoch keine Gew\u00e4hr \u00fcbernehmen.<br \/>\nAls Diensteanbieter sind wir gem\u00e4\u00df \u00a7 7 Abs.1 TMG f\u00fcr eigene Inhalte auf diesen Seiten nach den allgemeinen Gesetzen verantwortlich. Nach \u00a7 8 bis 10 TMG sind wir als Diensteanbieter jedoch nicht verpflichtet, \u00fcbermittelte oder gespeicherte fremde Informationen zu \u00fcberwachen oder nach Umst\u00e4nden zu forschen, die auf eine rechtswidrige T\u00e4tigkeit hinweisen. Verpflichtungen zur Entfernung oder Sperrung der Nutzung von Informationen nach den allgemeinen Gesetzen bleiben hiervon unber\u00fchrt. Eine diesbez\u00fcgliche Haftung ist jedoch erst ab dem Zeitpunkt der Kenntnis einer konkreten Rechtsverletzung m\u00f6glich. Bei bekannt werden von entsprechenden Rechtsverletzungen werden wir diese Inhalte umgehend entfernen.<\/p>\n<p><strong>Haftung f\u00fcr Links<\/strong><br \/>\nurologie-eisenach.de enth\u00e4lt Links zu externen Webseiten Dritter, auf deren Inhalte urologie-eisenach.de keinen Einfluss hat und keinerlei Verantwortung f\u00fcr Inhalt und Angebot dieser Seiten \u00fcbernimmt.<br \/>\nVerlinkte Seiten wurden zum Zeitpunkt der Verlinkung auf m\u00f6gliche Rechtsverst\u00f6\u00dfe gepr\u00fcft und waren zu diesem Zeitpunkt nicht erkennbar.<br \/>\nEine permanente Kontrolle der verlinkten Seiten ist jedoch ohne begr\u00fcndeten Verdacht von Rechtsverletzungen nicht zumutbar. Sollten uns Rechtsverletzungen auf verlinkten Seiten bekannt werden, entfernen wir die entsprechenden Verlinkungen umgehend.<\/p>\n<p><strong>Urheberrecht<\/strong><br \/>\nAlle Texte, Grafiken und sonstigen Inhalte sowie das Layout und der Quellcode dieses Internet-Auftrittes unterliegen dem Urheberrecht und d\u00fcrfen \u2013 auch auszugsweise \u2013 nur mit schriftlicher Genehmigung des Verfassers kopiert oder in irgendeiner Form weiterverwendet werden. Insbesondere gilt dieses Verbot ausdr\u00fccklich f\u00fcr die Verwendung auf anderen Internet-Auftritten oder in elektronischen Medien.<\/p>\n","protected":false},"excerpt":{"rendered":"<p>Impressum Allgemeine Informationspflichten nach \u00a7 6 Gesetz \u00fcber die Nutzung von Telediensten (Teledienstegesetz \u2013 TDG) bzw. Informationspflichten \u00a7 10 Mediendienste-Staatsvertrag bzw. \u00a7 [&hellip;]<\/p>\n","protected":false},"author":1,"featured_media":0,"parent":0,"menu_order":0,"comment_status":"closed","ping_status":"closed","template":"","meta":[],"_links":{"self":[{"href":"http:\/\/urologie-eisenach.de\/wenig\/wp-json\/wp\/v2\/pages\/20"}],"collection":[{"href":"http:\/\/urologie-eisenach.de\/wenig\/wp-json\/wp\/v2\/pages"}],"about":[{"href":"http:\/\/urologie-eisenach.de\/wenig\/wp-json\/wp\/v2\/types\/page"}],"author":[{"embeddable":true,"href":"http:\/\/urologie-eisenach.de\/wenig\/wp-json\/wp\/v2\/users\/1"}],"replies":[{"embeddable":true,"href":"http:\/\/urologie-eisenach.de\/wenig\/wp-json\/wp\/v2\/comments?post=20"}],"version-history":[{"count":3,"href":"http:\/\/urologie-eisenach.de\/wenig\/wp-json\/wp\/v2\/pages\/20\/revisions"}],"predecessor-version":[{"id":58,"href":"http:\/\/urologie-eisenach.de\/wenig\/wp-json\/wp\/v2\/pages\/20\/revisions\/58"}],"wp:attachment":[{"href":"http:\/\/urologie-eisenach.de\/wenig\/wp-json\/wp\/v2\/media?parent=20"}],"curies":[{"name":"wp","href":"https:\/\/api.w.org\/{rel}","templated":true}]}}